{"id":2,"date":"2020-12-06T15:15:30","date_gmt":"2020-12-06T15:15:30","guid":{"rendered":"http:\/\/sdhkolodeje.cz\/?page_id=2"},"modified":"2021-01-05T12:17:10","modified_gmt":"2021-01-05T12:17:10","slug":"sample-page","status":"publish","type":"page","link":"https:\/\/sdhkolodeje.cz\/index.php\/sample-page\/","title":{"rendered":"2020 &#8211; ud\u00e1losti \/ v\u00fdjezdy"},"content":{"rendered":"\n<figure class=\"wp-block-image size-large is-resized\"><img loading=\"lazy\" src=\"https:\/\/sdhkolodeje.cz\/wp-content\/uploads\/2020\/12\/tabulka_2020.jpg\" alt=\"\" class=\"wp-image-120\" width=\"771\" height=\"354\"\/><\/figure>\n\n\n\n<figure class=\"wp-block-image size-large is-resized\"><img loading=\"lazy\" src=\"https:\/\/sdhkolodeje.cz\/wp-content\/uploads\/2021\/01\/graf_vyjezdy.jpg\" alt=\"\" class=\"wp-image-129\" width=\"759\" height=\"448\"\/><\/figure>\n","protected":false},"excerpt":{"rendered":"<p>Aktu\u00e1ln\u00ed sou\u010dtov\u00e1 tabulka k 1.12.2020<\/p>\n","protected":false},"author":1,"featured_media":0,"parent":0,"menu_order":0,"comment_status":"open","ping_status":"open","template":"","meta":[],"_links":{"self":[{"href":"https:\/\/sdhkolodeje.cz\/index.php\/wp-json\/wp\/v2\/pages\/2"}],"collection":[{"href":"https:\/\/sdhkolodeje.cz\/index.php\/wp-json\/wp\/v2\/pages"}],"about":[{"href":"https:\/\/sdhkolodeje.cz\/index.php\/wp-json\/wp\/v2\/types\/page"}],"author":[{"embeddable":true,"href":"https:\/\/sdhkolodeje.cz\/index.php\/wp-json\/wp\/v2\/users\/1"}],"replies":[{"embeddable":true,"href":"https:\/\/sdhkolodeje.cz\/index.php\/wp-json\/wp\/v2\/comments?post=2"}],"version-history":[{"count":4,"href":"https:\/\/sdhkolodeje.cz\/index.php\/wp-json\/wp\/v2\/pages\/2\/revisions"}],"predecessor-version":[{"id":130,"href":"https:\/\/sdhkolodeje.cz\/index.php\/wp-json\/wp\/v2\/pages\/2\/revisions\/130"}],"wp:attachment":[{"href":"https:\/\/sdhkolodeje.cz\/index.php\/wp-json\/wp\/v2\/media?parent=2"}],"curies":[{"name":"wp","href":"https:\/\/api.w.org\/{rel}","templated":true}]}}