{"id":80,"date":"2020-12-14T09:28:11","date_gmt":"2020-12-14T09:28:11","guid":{"rendered":"http:\/\/sdhkolodeje.cz\/?page_id=80"},"modified":"2021-12-07T11:29:20","modified_gmt":"2021-12-07T11:29:20","slug":"cas24-9000-1000-iveco-1999","status":"publish","type":"page","link":"https:\/\/sdhkolodeje.cz\/index.php\/cas24-9000-1000-iveco-1999\/","title":{"rendered":"Technika JSDH"},"content":{"rendered":"\n<p><strong>CAS15 Mercedes Benz Atego 2200\/135 &#8211; M2T- r.v.2009 &#8211; za\u0159azeno 2021<\/strong><\/p>\n\n\n\n<figure class=\"wp-block-gallery columns-1 is-cropped\"><ul class=\"blocks-gallery-grid\"><li class=\"blocks-gallery-item\"><figure><img loading=\"lazy\" width=\"2477\" height=\"1741\" src=\"https:\/\/sdhkolodeje.cz\/wp-content\/uploads\/2021\/12\/mb1.jpg\" alt=\"\" data-id=\"211\" data-link=\"https:\/\/sdhkolodeje.cz\/index.php\/cas24-9000-1000-iveco-1999\/mb1\/\" class=\"wp-image-211\"\/><\/figure><\/li><\/ul><\/figure>\n\n\n\n<p><strong>CAS24 Iveco Magirus 9000\/1000 &#8211; S3R &#8211; r.v.1999 &#8211; za\u0159azeno 2020<\/strong><\/p>\n\n\n\n<figure class=\"wp-block-gallery columns-3 is-cropped\"><ul class=\"blocks-gallery-grid\"><li class=\"blocks-gallery-item\"><figure><img loading=\"lazy\" width=\"1350\" height=\"640\" src=\"http:\/\/sdhkolodeje.cz\/wp-content\/uploads\/2020\/12\/iveco4.jpg\" alt=\"\" data-id=\"77\" data-full-url=\"http:\/\/sdhkolodeje.cz\/wp-content\/uploads\/2020\/12\/iveco4.jpg\" data-link=\"http:\/\/sdhkolodeje.cz\/?attachment_id=77\" class=\"wp-image-77\"\/><\/figure><\/li><li class=\"blocks-gallery-item\"><figure><img loading=\"lazy\" width=\"2016\" height=\"954\" src=\"http:\/\/sdhkolodeje.cz\/wp-content\/uploads\/2020\/12\/iveco3.jpg\" alt=\"\" data-id=\"76\" data-full-url=\"http:\/\/sdhkolodeje.cz\/wp-content\/uploads\/2020\/12\/iveco3.jpg\" data-link=\"http:\/\/sdhkolodeje.cz\/?attachment_id=76\" class=\"wp-image-76\"\/><\/figure><\/li><li class=\"blocks-gallery-item\"><figure><img loading=\"lazy\" width=\"4032\" height=\"2268\" src=\"http:\/\/sdhkolodeje.cz\/wp-content\/uploads\/2020\/12\/IVECO.jpg\" alt=\"\" data-id=\"63\" data-full-url=\"http:\/\/sdhkolodeje.cz\/wp-content\/uploads\/2020\/12\/IVECO.jpg\" data-link=\"http:\/\/sdhkolodeje.cz\/iveco\/\" class=\"wp-image-63\"\/><\/figure><\/li><li class=\"blocks-gallery-item\"><figure><img loading=\"lazy\" width=\"1440\" height=\"810\" src=\"http:\/\/sdhkolodeje.cz\/wp-content\/uploads\/2020\/12\/iveco2.jpg\" alt=\"\" data-id=\"75\" data-full-url=\"http:\/\/sdhkolodeje.cz\/wp-content\/uploads\/2020\/12\/iveco2.jpg\" data-link=\"http:\/\/sdhkolodeje.cz\/?attachment_id=75\" class=\"wp-image-75\"\/><\/figure><\/li><\/ul><\/figure>\n\n\n\n<p><\/p>\n\n\n\n<p><strong>CAS32 Tatra T148 6600\/0 &#8211; S2R &#8211; r.v.1982 <\/strong><\/p>\n\n\n\n<figure class=\"wp-block-gallery columns-3 is-cropped\"><ul class=\"blocks-gallery-grid\"><li class=\"blocks-gallery-item\"><figure><img loading=\"lazy\" width=\"960\" height=\"640\" src=\"http:\/\/sdhkolodeje.cz\/wp-content\/uploads\/2020\/12\/tara2.jpg\" alt=\"\" data-id=\"78\" data-link=\"http:\/\/sdhkolodeje.cz\/?attachment_id=78\" class=\"wp-image-78\"\/><\/figure><\/li><li class=\"blocks-gallery-item\"><figure><img loading=\"lazy\" width=\"2047\" height=\"710\" src=\"http:\/\/sdhkolodeje.cz\/wp-content\/uploads\/2020\/12\/uvodni-foto2.jpg\" alt=\"\" data-id=\"70\" data-link=\"http:\/\/sdhkolodeje.cz\/uvodni-foto2\/\" class=\"wp-image-70\"\/><\/figure><\/li><li class=\"blocks-gallery-item\"><figure><img loading=\"lazy\" width=\"1827\" height=\"1218\" src=\"https:\/\/sdhkolodeje.cz\/wp-content\/uploads\/2020\/12\/tatra3.jpg\" alt=\"\" data-id=\"87\" data-link=\"https:\/\/sdhkolodeje.cz\/index.php\/cas24-9000-1000-iveco-1999\/tatra3\/\" class=\"wp-image-87\"\/><\/figure><\/li><li class=\"blocks-gallery-item\"><figure><img loading=\"lazy\" width=\"1827\" height=\"1218\" src=\"http:\/\/sdhkolodeje.cz\/wp-content\/uploads\/2020\/12\/tatra1.jpg\" alt=\"\" data-id=\"79\" data-link=\"http:\/\/sdhkolodeje.cz\/?attachment_id=79\" class=\"wp-image-79\"\/><\/figure><\/li><\/ul><\/figure>\n\n\n\n<p><\/p>\n\n\n\n<p><strong>CAS25K Liaz 2900\/0 &#8211; M2Z &#8211; r.v.1986<\/strong> <strong>moment\u00e1ln\u011b v JSDH Sib\u0159ina<\/strong><\/p>\n\n\n\n<figure class=\"wp-block-image size-large\"><img loading=\"lazy\" width=\"3362\" height=\"2032\" src=\"http:\/\/sdhkolodeje.cz\/wp-content\/uploads\/2020\/12\/liaz1.jpg\" alt=\"\" class=\"wp-image-102\"\/><\/figure>\n\n\n\n<figure class=\"wp-block-image size-large\"><img loading=\"lazy\" width=\"6000\" height=\"4000\" src=\"https:\/\/sdhkolodeje.cz\/wp-content\/uploads\/2020\/12\/DSC_0111.jpg\" alt=\"\" class=\"wp-image-124\"\/><\/figure>\n","protected":false},"excerpt":{"rendered":"<p>CAS15 Mercedes Benz Atego 2200\/135 &#8211; M2T- r.v.2009 &#8211; za\u0159azeno 2021 CAS24 Iveco Magirus 9000\/1000 &#8211; S3R &#8211; r.v.1999 &#8211; za\u0159azeno 2020 CAS32 Tatra T148 6600\/0 &#8211; S2R &#8211; r.v.1982 CAS25K Liaz 2900\/0 &#8211; M2Z &#8211; r.v.1986 moment\u00e1ln\u011b v JSDH Sib\u0159ina<\/p>\n","protected":false},"author":1,"featured_media":0,"parent":0,"menu_order":0,"comment_status":"closed","ping_status":"closed","template":"","meta":[],"_links":{"self":[{"href":"https:\/\/sdhkolodeje.cz\/index.php\/wp-json\/wp\/v2\/pages\/80"}],"collection":[{"href":"https:\/\/sdhkolodeje.cz\/index.php\/wp-json\/wp\/v2\/pages"}],"about":[{"href":"https:\/\/sdhkolodeje.cz\/index.php\/wp-json\/wp\/v2\/types\/page"}],"author":[{"embeddable":true,"href":"https:\/\/sdhkolodeje.cz\/index.php\/wp-json\/wp\/v2\/users\/1"}],"replies":[{"embeddable":true,"href":"https:\/\/sdhkolodeje.cz\/index.php\/wp-json\/wp\/v2\/comments?post=80"}],"version-history":[{"count":11,"href":"https:\/\/sdhkolodeje.cz\/index.php\/wp-json\/wp\/v2\/pages\/80\/revisions"}],"predecessor-version":[{"id":215,"href":"https:\/\/sdhkolodeje.cz\/index.php\/wp-json\/wp\/v2\/pages\/80\/revisions\/215"}],"wp:attachment":[{"href":"https:\/\/sdhkolodeje.cz\/index.php\/wp-json\/wp\/v2\/media?parent=80"}],"curies":[{"name":"wp","href":"https:\/\/api.w.org\/{rel}","templated":true}]}}